{"id":554,"date":"2021-02-25T16:25:07","date_gmt":"2021-02-25T15:25:07","guid":{"rendered":"https:\/\/simpozija.si\/?page_id=554"},"modified":"2022-09-26T12:46:12","modified_gmt":"2022-09-26T10:46:12","slug":"zavod-simpozija","status":"publish","type":"page","link":"https:\/\/simpozija.si\/?page_id=554","title":{"rendered":"Zavod Simpozija"},"content":{"rendered":"<style>#kt-layout-id_1fc560-ab > .kt-row-column-wrap{align-content:start;}:where(#kt-layout-id_1fc560-ab > .kt-row-column-wrap) > .wp-block-kadence-column{justify-content:start;}#kt-layout-id_1fc560-ab > .kt-row-column-wrap{column-gap:var(--global-kb-gap-md, 2rem);row-gap:var(--global-kb-gap-md, 2rem);padding-top:var( --global-kb-row-default-top, 25px );padding-bottom:var( --global-kb-row-default-bottom, 25px );padding-top:var(--global-kb-spacing-sm, 1.5rem);padding-bottom:var(--global-kb-spacing-sm, 1.5rem);grid-template-columns:minmax(0, 1fr);}#kt-layout-id_1fc560-ab > .kt-row-layout-overlay{opacity:0.30;}@media all and (max-width: 1024px){#kt-layout-id_1fc560-ab > .kt-row-column-wrap{grid-template-columns:minmax(0, 1fr);}}@media all and (max-width: 767px){#kt-layout-id_1fc560-ab > .kt-row-column-wrap{grid-template-columns:minmax(0, 1fr);}}<\/style>\n<div class=\"wp-block-kadence-rowlayout alignwide\"><div id=\"kt-layout-id_1fc560-ab\" class=\"kt-row-layout-inner kt-layout-id_1fc560-ab\"><div class=\"kt-row-column-wrap kt-has-1-columns kt-gutter-default kt-v-gutter-default kt-row-valign-top kt-row-layout-equal kt-tab-layout-inherit kt-m-colapse-left-to-right kt-mobile-layout-row\"><style>.kadence-column_4660b5-4d > .kt-inside-inner-col{border-top-width:0px;border-right-width:0px;border-bottom-width:0px;border-left-width:0px;}.kadence-column_4660b5-4d > .kt-inside-inner-col,.kadence-column_4660b5-4d > .kt-inside-inner-col:before{border-top-left-radius:0px;border-top-right-radius:0px;border-bottom-right-radius:0px;border-bottom-left-radius:0px;}.kadence-column_4660b5-4d > .kt-inside-inner-col{column-gap:var(--global-kb-gap-sm, 1rem);}.kadence-column_4660b5-4d > .kt-inside-inner-col{flex-direction:column;}.kadence-column_4660b5-4d > .kt-inside-inner-col > .aligncenter{width:100%;}.kadence-column_4660b5-4d > .kt-inside-inner-col:before{opacity:0.3;}.kadence-column_4660b5-4d{position:relative;}@media all and (max-width: 1024px){.kadence-column_4660b5-4d > .kt-inside-inner-col{flex-direction:column;justify-content:center;}}@media all and (max-width: 767px){.kadence-column_4660b5-4d > .kt-inside-inner-col{flex-direction:column;justify-content:center;}}<\/style>\n<div class=\"wp-block-kadence-column inner-column-1 kadence-column_4660b5-4d\"><div class=\"kt-inside-inner-col\">\n<figure class=\"wp-block-image alignwide size-large\"><img loading=\"lazy\" decoding=\"async\" width=\"1024\" height=\"413\" src=\"https:\/\/simpozija.si\/wp-content\/uploads\/2022\/09\/Simpozija_obcinstvo-1024x413.jpg\" alt=\"\" class=\"wp-image-2829\" srcset=\"https:\/\/simpozija.si\/wp-content\/uploads\/2022\/09\/Simpozija_obcinstvo-1024x413.jpg 1024w, https:\/\/simpozija.si\/wp-content\/uploads\/2022\/09\/Simpozija_obcinstvo-300x121.jpg 300w, https:\/\/simpozija.si\/wp-content\/uploads\/2022\/09\/Simpozija_obcinstvo-768x310.jpg 768w, https:\/\/simpozija.si\/wp-content\/uploads\/2022\/09\/Simpozija_obcinstvo-1536x620.jpg 1536w, https:\/\/simpozija.si\/wp-content\/uploads\/2022\/09\/Simpozija_obcinstvo-2048x827.jpg 2048w\" sizes=\"auto, (max-width: 1024px) 100vw, 1024px\" \/><\/figure>\n<\/div><\/div>\n<\/div><\/div><\/div>\n\n\n<style>.wp-block-kadence-spacer.kt-block-spacer-_35bb48-60 .kt-block-spacer{height:30px;}.wp-block-kadence-spacer.kt-block-spacer-_35bb48-60 .kt-divider{border-top-width:1px;height:1px;border-top-color:#eee;width:80%;border-top-style:solid;}<\/style>\n<div class=\"wp-block-kadence-spacer aligncenter kt-block-spacer-_35bb48-60\"><div class=\"kt-block-spacer kt-block-spacer-halign-center\"><\/div><\/div>\n\n\n\n<p><strong>Zavod Simpozija <\/strong>je platforma za kontinuirano izobra\u017eevanje in komuniciranje v medicini. Ekipa Zavoda Simpozija ima ve\u010d kot 20-letne izku\u0161nje s podro\u010dja organizacije izobra\u017eevalnih in drugih dogodkov, priprave strokovnih in lai\u010dnih publikacij z medicinsko in zdravstveno vsebino ter komuniciranja z razli\u010dnimi zdravstvenimi javnostmi.<\/p>\n\n\n<style>.wp-block-kadence-spacer.kt-block-spacer-_bcc63a-bd .kt-block-spacer{height:60px;}.wp-block-kadence-spacer.kt-block-spacer-_bcc63a-bd .kt-divider{border-top-width:1px;height:1px;border-top-color:#eee;width:80%;border-top-style:solid;}<\/style>\n<div class=\"wp-block-kadence-spacer aligncenter kt-block-spacer-_bcc63a-bd\"><div class=\"kt-block-spacer kt-block-spacer-halign-center\"><\/div><\/div>\n\n\n\n<p>VIZITKA:<br><strong>Zavod Simpozija<\/strong>, zavod za izobra\u017eevanje in komuniciranje v medicini, <br>Obirska 5, 1000 Ljubljana<br>e-po\u0161ta:\u00a0<a href=\"mailto:info@simpozija.si\">info@simpozija.si<\/a> <br>dav\u010dna \u0161tevilka: 62418173 <br>TRR: SI56 6100 0002 2223 726\u00a0\u00a0<br>SWIFT: HDELSI22<\/p>\n","protected":false},"excerpt":{"rendered":"<p>Zavod Simpozija je platforma za kontinuirano izobra\u017eevanje in komuniciranje v medicini. Ekipa Zavoda Simpozija ima ve\u010d kot 20-letne izku\u0161nje s podro\u010dja organizacije izobra\u017eevalnih in drugih dogodkov, priprave strokovnih in lai\u010dnih publikacij z medicinsko in zdravstveno vsebino ter komuniciranja z razli\u010dnimi zdravstvenimi javnostmi. VIZITKA:Zavod Simpozija, zavod za izobra\u017eevanje in komuniciranje v medicini, Obirska 5, 1000 Ljubljanae-po\u0161ta:\u00a0info@simpozija.si&#8230;<\/p>\n","protected":false},"author":3,"featured_media":0,"parent":0,"menu_order":0,"comment_status":"closed","ping_status":"closed","template":"","meta":{"_kad_post_transparent":"enable","_kad_post_title":"hide","_kad_post_layout":"narrow","_kad_post_sidebar_id":"","_kad_post_content_style":"unboxed","_kad_post_vertical_padding":"show","_kad_post_feature":"hide","_kad_post_feature_position":"","_kad_post_header":false,"_kad_post_footer":false,"_kad_post_classname":"","footnotes":""},"class_list":["post-554","page","type-page","status-publish","hentry"],"_links":{"self":[{"href":"https:\/\/simpozija.si\/index.php?rest_route=\/wp\/v2\/pages\/554","targetHints":{"allow":["GET"]}}],"collection":[{"href":"https:\/\/simpozija.si\/index.php?rest_route=\/wp\/v2\/pages"}],"about":[{"href":"https:\/\/simpozija.si\/index.php?rest_route=\/wp\/v2\/types\/page"}],"author":[{"embeddable":true,"href":"https:\/\/simpozija.si\/index.php?rest_route=\/wp\/v2\/users\/3"}],"replies":[{"embeddable":true,"href":"https:\/\/simpozija.si\/index.php?rest_route=%2Fwp%2Fv2%2Fcomments&post=554"}],"version-history":[{"count":12,"href":"https:\/\/simpozija.si\/index.php?rest_route=\/wp\/v2\/pages\/554\/revisions"}],"predecessor-version":[{"id":2836,"href":"https:\/\/simpozija.si\/index.php?rest_route=\/wp\/v2\/pages\/554\/revisions\/2836"}],"wp:attachment":[{"href":"https:\/\/simpozija.si\/index.php?rest_route=%2Fwp%2Fv2%2Fmedia&parent=554"}],"curies":[{"name":"wp","href":"https:\/\/api.w.org\/{rel}","templated":true}]}}